{"id":25,"date":"2024-05-29T12:32:22","date_gmt":"2024-05-29T12:32:22","guid":{"rendered":"https:\/\/www.deisenhammer.at\/?page_id=25"},"modified":"2024-07-04T13:17:24","modified_gmt":"2024-07-04T13:17:24","slug":"home","status":"publish","type":"page","link":"https:\/\/www.deisenhammer.at\/en\/","title":{"rendered":"Home"},"content":{"rendered":"<p>[et_pb_section fb_built=&#8220;1&#8243; custom_padding_last_edited=&#8220;on|phone&#8220; _builder_version=&#8220;4.25.1&#8243; _module_preset=&#8220;default&#8220; custom_padding=&#8220;4px||70px|||&#8220; custom_padding_tablet=&#8220;4px||70px|||&#8220; custom_padding_phone=&#8220;4px||0px||false|false&#8220; global_colors_info=&#8220;{}&#8220;][et_pb_row _builder_version=&#8220;4.24.2&#8243; _module_preset=&#8220;default&#8220; width=&#8220;100%&#8220; max_width=&#8220;2560px&#8220; module_alignment=&#8220;center&#8220; custom_padding=&#8220;8px||19px|||&#8220; border_color_bottom=&#8220;#DADADA&#8220; global_colors_info=&#8220;{}&#8220;][et_pb_column type=&#8220;4_4&#8243; _builder_version=&#8220;4.24.0&#8243; _module_preset=&#8220;default&#8220; global_colors_info=&#8220;{}&#8220;][et_pb_text _builder_version=&#8220;4.24.3&#8243; _module_preset=&#8220;a3cc3c3d-556c-48c2-af10-4bb9d8e46e1c&#8220; header_font_size=&#8220;80px&#8220; header_letter_spacing=&#8220;4px&#8220; width=&#8220;100%&#8220; width_tablet=&#8220;100%&#8220; width_phone=&#8220;75%&#8220; width_last_edited=&#8220;on|phone&#8220; module_alignment=&#8220;center&#8220; custom_margin=&#8220;60px||0px||false|false&#8220; custom_margin_tablet=&#8220;60px||-53px||false|false&#8220; custom_margin_phone=&#8220;||-22px||false|false&#8220; custom_margin_last_edited=&#8220;on|phone&#8220; custom_padding=&#8220;0px||0px||true|&#8220; custom_padding_tablet=&#8220;100px||100px||true|&#8220; custom_padding_phone=&#8220;0px||0px||true|false&#8220; custom_padding_last_edited=&#8220;on|phone&#8220; header_font_size_tablet=&#8220;80px&#8220; header_font_size_phone=&#8220;43px&#8220; header_font_size_last_edited=&#8220;on|phone&#8220; header_line_height_tablet=&#8220;1.1em&#8220; header_line_height_phone=&#8220;1.1em&#8220; header_line_height_last_edited=&#8220;on|tablet&#8220; global_colors_info=&#8220;{}&#8220;]<\/p>\n<h1 style=\"text-align: center;\">Welcome to the world of polymers!<\/h1>\n<p>[\/et_pb_text][et_pb_image src=&#8220;https:\/\/www.deisenhammer.at\/wp-content\/uploads\/2024\/05\/Deisenhammer_Banner_Elastomer-allgemein-1.webp&#8220; title_text=&#8220;Deisenhammer_Banner_Elastomer-allgemein&#8220; align=&#8220;center&#8220; force_fullwidth=&#8220;on&#8220; _builder_version=&#8220;4.25.1&#8243; _module_preset=&#8220;default&#8220; custom_margin=&#8220;18px|||||&#8220; custom_margin_tablet=&#8220;18px|||||&#8220; custom_margin_phone=&#8220;12px||||false|false&#8220; custom_margin_last_edited=&#8220;on|phone&#8220; global_colors_info=&#8220;{}&#8220;][\/et_pb_image][\/et_pb_column][\/et_pb_row][\/et_pb_section][et_pb_section fb_built=&#8220;1&#8243; _builder_version=&#8220;4.25.1&#8243; _module_preset=&#8220;default&#8220; z_index=&#8220;5&#8243; custom_padding=&#8220;7px||15px|||&#8220; global_colors_info=&#8220;{}&#8220;][et_pb_row column_structure=&#8220;3_5,2_5&#8243; make_equal=&#8220;on&#8220; _builder_version=&#8220;4.24.2&#8243; _module_preset=&#8220;default&#8220; custom_padding=&#8220;1px|||||&#8220; global_colors_info=&#8220;{}&#8220;][et_pb_column type=&#8220;3_5&#8243; _builder_version=&#8220;4.24.0&#8243; _module_preset=&#8220;default&#8220; global_colors_info=&#8220;{}&#8220;][et_pb_video src=&#8220;https:\/\/www.deisenhammer.at\/wp-content\/uploads\/2024\/05\/Deisenhammer_Video2.mp4&#8243; play_icon_color=&#8220;RGBA(255,255,255,0)&#8220; thumbnail_overlay_color=&#8220;RGBA(255,255,255,0)&#8220; module_class=&#8220;dm-autoplay&#8220; _builder_version=&#8220;4.25.1&#8243; _module_preset=&#8220;default&#8220; global_colors_info=&#8220;{}&#8220;][\/et_pb_video][\/et_pb_column][et_pb_column type=&#8220;2_5&#8243; module_class=&#8220;vertikal-zentrieren&#8220; _builder_version=&#8220;4.24.2&#8243; _module_preset=&#8220;default&#8220; global_colors_info=&#8220;{}&#8220;][et_pb_text _builder_version=&#8220;4.24.3&#8243; _module_preset=&#8220;a3cc3c3d-556c-48c2-af10-4bb9d8e46e1c&#8220; header_6_line_height=&#8220;3em&#8220; width=&#8220;100%&#8220; width_last_edited=&#8220;off|desktop&#8220; module_alignment=&#8220;center&#8220; custom_margin=&#8220;0px||0px|10px|false|false&#8220; custom_padding=&#8220;0px|0px|0px|54px|true|false&#8220; custom_padding_tablet=&#8220;0px|0px|0px|54px|true|false&#8220; custom_padding_phone=&#8220;30px|0px|30px|0px|true|false&#8220; custom_padding_last_edited=&#8220;on|phone&#8220; global_colors_info=&#8220;{}&#8220; custom_padding__hover_enabled=&#8220;off|desktop&#8220; width__hover_enabled=&#8220;off|desktop&#8220;]<\/p>\n<h5>WE UNDERSTAND THAT EVERY APPLICATION IS UNIQUE.<\/h5>\n<p>Our large product portfolio reflects not only our many years of experience, but also our passion for high-quality elastomer products. We offer a wide range of products that specifically meet the needs of the international non-automotive industry.<\/p>\n<p>We work closely with our customers to develop customised solutions for their individual requirements.<\/p>\n<h5 class=\"et_pb_module_header et-fb-editable-element et-fb-editable-element__editing\">Expertise and customer support<\/h5>\n<p>We offer our customers comprehensive support from the product idea to prototype production and series delivery. We have many years of experience in the material, function and design of elastomer components. Our customers are mainly in the two-wheeler, ATV\/UTV, inverter, welding technology, transformer industry, household goods, chemical plants, machine industry and ventilation technology sectors.<\/p>\n<p>&nbsp;<\/p>\n<h5>LET'S WORK TOGETHER TO FIND THE OPTIMUM SOLUTION FOR YOUR CHALLENGES!<\/h5>\n<p>[\/et_pb_text][\/et_pb_column][\/et_pb_row][\/et_pb_section][et_pb_section fb_built=&#8220;1&#8243; _builder_version=&#8220;4.25.1&#8243; _module_preset=&#8220;default&#8220; custom_padding=&#8220;50px||50px||true|&#8220; border_width_top=&#8220;3px&#8220; border_color_top=&#8220;#DADADA&#8220; border_width_bottom=&#8220;3px&#8220; border_color_bottom=&#8220;#DADADA&#8220; global_colors_info=&#8220;{}&#8220;][et_pb_row _builder_version=&#8220;4.26.0&#8243; _module_preset=&#8220;default&#8220; custom_padding=&#8220;27px||14px|||&#8220; global_colors_info=&#8220;{}&#8220;][et_pb_column type=&#8220;4_4&#8243; _builder_version=&#8220;4.24.2&#8243; _module_preset=&#8220;default&#8220; global_colors_info=&#8220;{}&#8220;][et_pb_text _builder_version=&#8220;4.26.0&#8243; _module_preset=&#8220;a3cc3c3d-556c-48c2-af10-4bb9d8e46e1c&#8220; text_font_size=&#8220;25px&#8220; custom_margin=&#8220;||26px|||&#8220; custom_padding=&#8220;||3px|||&#8220; header_font_size_tablet=&#8220;&#8220; header_font_size_phone=&#8220;2.5rem&#8220; header_font_size_last_edited=&#8220;on|phone&#8220; global_colors_info=&#8220;{}&#8220;]<\/p>\n<h1 style=\"text-align: center;\">Customised solutions<\/h1>\n<p style=\"text-align: center;\">Our commitment goes beyond the manufacture of standard products - we offer customised solutions that are perfectly tailored to the unique requirements of our customers.<br \/>From the product idea to prototype production and series delivery, we support you every step of the way.<\/p>\n<p>[\/et_pb_text][\/et_pb_column][\/et_pb_row][et_pb_row column_structure=&#8220;1_4,1_4,1_4,1_4&#8243; use_custom_gutter=&#8220;on&#8220; make_equal=&#8220;on&#8220; _builder_version=&#8220;4.24.2&#8243; _module_preset=&#8220;default&#8220; width_tablet=&#8220;80%&#8220; width_phone=&#8220;80%&#8220; width_last_edited=&#8220;on|phone&#8220; module_alignment=&#8220;center&#8220; custom_padding=&#8220;40px|||||&#8220; global_colors_info=&#8220;{}&#8220;][et_pb_column type=&#8220;1_4&#8243; module_class=&#8220;vertikal-zentrieren&#8220; _builder_version=&#8220;4.24.2&#8243; _module_preset=&#8220;default&#8220; global_colors_info=&#8220;{}&#8220;][et_pb_text _builder_version=&#8220;4.24.3&#8243; _module_preset=&#8220;a3cc3c3d-556c-48c2-af10-4bb9d8e46e1c&#8220; module_alignment=&#8220;center&#8220; custom_padding_tablet=&#8220;&#8220; custom_padding_phone=&#8220;10px||10px||true|false&#8220; custom_padding_last_edited=&#8220;on|phone&#8220; global_colors_info=&#8220;{}&#8220;]<\/p>\n<h5 style=\"text-align: center;\">our expertise<\/h5>\n<p style=\"text-align: center;\">Our many years of experience in the areas of materials, function, design and production form the basis for the development of customised solutions. Our team of experts has the knowledge and skills to overcome even the most demanding challenges. We understand that every application is unique and we use our expertise to deliver innovative, efficient and high quality products.<\/p>\n<p>[\/et_pb_text][\/et_pb_column][et_pb_column type=&#8220;1_4&#8243; module_class=&#8220;vertikal-zentrieren&#8220; _builder_version=&#8220;4.24.2&#8243; _module_preset=&#8220;default&#8220; custom_padding_tablet=&#8220;&#8220; custom_padding_phone=&#8220;20px||||false|false&#8220; custom_padding_last_edited=&#8220;on|phone&#8220; global_colors_info=&#8220;{}&#8220;][et_pb_text _builder_version=&#8220;4.24.3&#8243; _module_preset=&#8220;a3cc3c3d-556c-48c2-af10-4bb9d8e46e1c&#8220; module_alignment=&#8220;center&#8220; custom_padding_tablet=&#8220;&#8220; custom_padding_phone=&#8220;20px||20px||true|false&#8220; custom_padding_last_edited=&#8220;on|phone&#8220; global_colors_info=&#8220;{}&#8220;]<\/p>\n<h5 style=\"text-align: center;\">From concept to reality<\/h5>\n<p style=\"text-align: center;\">At Deisenhammer, we go the extra mile to ensure that your ideas become reality. We support you from concept to realisation and offer close collaboration throughout the entire development process. Our prototype production allows you to evaluate the final product before series production to ensure it meets your expectations.<\/p>\n<p>[\/et_pb_text][\/et_pb_column][et_pb_column type=&#8220;1_4&#8243; module_class=&#8220;vertikal-zentrieren&#8220; _builder_version=&#8220;4.24.2&#8243; _module_preset=&#8220;default&#8220; global_colors_info=&#8220;{}&#8220;][et_pb_text _builder_version=&#8220;4.24.3&#8243; _module_preset=&#8220;a3cc3c3d-556c-48c2-af10-4bb9d8e46e1c&#8220; module_alignment=&#8220;center&#8220; custom_padding_tablet=&#8220;&#8220; custom_padding_phone=&#8220;30px||30px||true|false&#8220; custom_padding_last_edited=&#8220;on|phone&#8220; global_colors_info=&#8220;{}&#8220;]<\/p>\n<h5 style=\"text-align: center;\">Application-related support<\/h5>\n<p style=\"text-align: center;\">Our commitment does not end with delivery. We provide ongoing support during the application phase, adapting our solutions as needed to ensure they meet changing requirements. Whether it's specific customisations, new application areas or improved functionality, Deisenhammer is by your side.<\/p>\n<p>[\/et_pb_text][\/et_pb_column][et_pb_column type=&#8220;1_4&#8243; module_class=&#8220;vertikal-zentrieren&#8220; _builder_version=&#8220;4.24.2&#8243; _module_preset=&#8220;default&#8220; global_colors_info=&#8220;{}&#8220;][et_pb_text _builder_version=&#8220;4.24.3&#8243; _module_preset=&#8220;a3cc3c3d-556c-48c2-af10-4bb9d8e46e1c&#8220; module_alignment=&#8220;center&#8220; custom_padding_tablet=&#8220;&#8220; custom_padding_phone=&#8220;20px||||false|false&#8220; custom_padding_last_edited=&#8220;on|phone&#8220; global_colors_info=&#8220;{}&#8220;]<\/p>\n<h5 style=\"text-align: center;\">Long-term partnership<\/h5>\n<p style=\"text-align: center;\">Our aim is to build long-term partnerships based on trust, innovation and first-class service. By working together to develop solutions that fulfil your individual needs, we strive for sustainable success that goes beyond the moment. Choose Deisenhammer as your partner for customised elastomer solutions and see your vision become a reality.<\/p>\n<p>[\/et_pb_text][\/et_pb_column][\/et_pb_row][\/et_pb_section][et_pb_section fb_built=&#8220;1&#8243; _builder_version=&#8220;4.24.2&#8243; _module_preset=&#8220;default&#8220; custom_padding=&#8220;11px||27px|||&#8220; global_colors_info=&#8220;{}&#8220;][et_pb_row column_structure=&#8220;1_3,2_3&#8243; make_equal=&#8220;on&#8220; _builder_version=&#8220;4.25.1&#8243; _module_preset=&#8220;default&#8220; background_enable_image=&#8220;off&#8220; background_size=&#8220;initial&#8220; background_position=&#8220;center_left&#8220; width=&#8220;60%&#8220; width_tablet=&#8220;60%&#8220; width_phone=&#8220;60%&#8220; width_last_edited=&#8220;on|phone&#8220; custom_padding=&#8220;|25px|||false|false&#8220; border_color_top=&#8220;#DADADA&#8220; global_colors_info=&#8220;{}&#8220;][et_pb_column type=&#8220;1_3&#8243; module_class=&#8220;vertikal-zentrieren&#8220; _builder_version=&#8220;4.25.1&#8243; _module_preset=&#8220;default&#8220; global_colors_info=&#8220;{}&#8220;][et_pb_image src=&#8220;https:\/\/www.deisenhammer.at\/wp-content\/uploads\/2024\/05\/Deisenhammer_Portraits-302-Lauer_Website_1500px_rgb-cut.webp&#8220; title_text=&#8220;Deisenhammer_Portraits 302-Lauer_Website_1500px_rgb-cut&#8220; align=&#8220;center&#8220; _builder_version=&#8220;4.24.2&#8243; _module_preset=&#8220;default&#8220; global_colors_info=&#8220;{}&#8220;][\/et_pb_image][\/et_pb_column][et_pb_column type=&#8220;2_3&#8243; module_class=&#8220;vertikal-zentrieren&#8220; _builder_version=&#8220;4.25.1&#8243; _module_preset=&#8220;default&#8220; global_colors_info=&#8220;{}&#8220;][et_pb_text content_tablet=&#8220;<\/p>\n<p>We focus on working closely with our customers to understand their individual requirements and provide them with the optimum solution.<\/p>\n<h5 style=\"%22text-align:\" center;%22><\/h5>\n<h5 style=\"%22text-align:\" right;%22><\/h5>\n<h5 style=\"%22text-align:\" right;%22>&#8211; Hartmut Lauer, CEO<\/h5>\n<p>&#8220; content_phone=&#8220;<\/p>\n<p>We focus on working closely with our customers to understand their individual requirements and provide them with the optimum solution.<\/p>\n<h5 style=\"%22text-align:\" center;%22><\/h5>\n<h5 style=\"%22text-align:\" right;%22><\/h5>\n<h5 style=\"%22text-align:\" right;%22><\/h5>\n<h5 style=\"%22text-align:\" right;%22>&#8211; Hartmut Lauer, CEO<\/h5>\n<p>&#8220; content_last_edited=&#8220;on|phone&#8220; _builder_version=&#8220;4.25.1&#8243; _module_preset=&#8220;a3cc3c3d-556c-48c2-af10-4bb9d8e46e1c&#8220; text_font_size=&#8220;45px&#8220; header_4_font=&#8220;||||||||&#8220; header_4_line_height=&#8220;1.1em&#8220; background_enable_image=&#8220;off&#8220; module_alignment=&#8220;right&#8220; custom_margin=&#8220;||||false|false&#8220; custom_margin_tablet=&#8220;50px||||false|false&#8220; custom_margin_phone=&#8220;40px||||false|false&#8220; custom_margin_last_edited=&#8220;on|desktop&#8220; custom_padding=&#8220;||||false|false&#8220; text_font_size_tablet=&#8220;36px&#8220; text_font_size_phone=&#8220;26px&#8220; text_font_size_last_edited=&#8220;on|phone&#8220; header_4_font_size_tablet=&#8220;&#8220; header_4_font_size_phone=&#8220;31px&#8220; header_4_font_size_last_edited=&#8220;on|phone&#8220; header_5_font_size_tablet=&#8220;27px&#8220; header_5_font_size_phone=&#8220;23px&#8220; header_5_font_size_last_edited=&#8220;on|phone&#8220; global_colors_info=&#8220;{}&#8220;]<\/p>\n<p style=\"text-align: right;\">We focus on working closely with our customers to understand their individual requirements and provide them with the optimum solution.<\/p>\n<h5 style=\"text-align: right;\"><\/h5>\n<h5 style=\"text-align: right;\">&#8211; Hartmut Lauer, CEO<\/h5>\n<p>[\/et_pb_text][\/et_pb_column][\/et_pb_row][\/et_pb_section][et_pb_section fb_built=&#8220;1&#8243; _builder_version=&#8220;4.24.2&#8243; _module_preset=&#8220;default&#8220; background_color=&#8220;#007C35&#8243; custom_padding=&#8220;70px||70px||true|&#8220; global_colors_info=&#8220;{}&#8220;][et_pb_row _builder_version=&#8220;4.24.2&#8243; _module_preset=&#8220;default&#8220; global_colors_info=&#8220;{}&#8220;][et_pb_column type=&#8220;4_4&#8243; _builder_version=&#8220;4.24.2&#8243; _module_preset=&#8220;default&#8220; global_colors_info=&#8220;{}&#8220;][et_pb_text content_tablet=&#8220;<\/p>\n<h1 style=\"%22text-align:\" center;%22>Expertise and customer support<\/h1>\n<h5 style=\"%22text-align:\" center;%22>We offer our customers comprehensive support from the product idea to prototype production and series delivery. We have many years of experience in the material, function and design of elastomer components. Our customers are mainly in the two-wheeler, ATV\/UTV, inverter, welding technology, transformer industry, household goods, chemical plants, machine industry and ventilation technology sectors.<\/h5>\n<p>&#8220; content_phone=&#8220;<\/p>\n<h1 style=\"%22text-align:\" center;%22>Expertise and customer support<\/h1>\n<h5 style=\"%22text-align:\" center;%22>We offer our customers comprehensive support from the product idea to prototype production and series delivery. We have many years of experience in the material, function and design of elastomer components. Our customers are mainly in the two-wheeler, ATV\/UTV, inverter, welding technology, transformer industry, household goods, chemical plants, machine industry and ventilation technology sectors.<\/h5>\n<p>&#8220; content_last_edited=&#8220;on|phone&#8220; _builder_version=&#8220;4.26.0&#8243; _module_preset=&#8220;a3cc3c3d-556c-48c2-af10-4bb9d8e46e1c&#8220; header_text_color=&#8220;#FFFFFF&#8220; header_5_text_color=&#8220;#DADADA&#8220; header_5_line_height=&#8220;1.2em&#8220; hover_enabled=&#8220;0&#8243; header_font_size_tablet=&#8220;&#8220; header_font_size_phone=&#8220;3rem&#8220; header_font_size_last_edited=&#8220;on|phone&#8220; header_line_height_tablet=&#8220;1em&#8220; header_line_height_phone=&#8220;1em&#8220; header_line_height_last_edited=&#8220;on|desktop&#8220; header_5_line_height_tablet=&#8220;1.1em&#8220; header_5_line_height_phone=&#8220;1em&#8220; header_5_line_height_last_edited=&#8220;on|phone&#8220; global_colors_info=&#8220;{}&#8220; sticky_enabled=&#8220;0&#8243;]<\/p>\n<h1 style=\"text-align: center;\">Expertise and customer support<\/h1>\n<h5 style=\"text-align: center;\">We offer our customers comprehensive support from the product idea to prototype production and series delivery. We have many years of experience in the material, function and design of elastomer components. Our customers are mainly in the two-wheeler, ATV\/UTV, inverter, welding technology, transformer industry, household goods, chemical plants, machine industry and ventilation technology sectors.<\/h5>\n<p>[\/et_pb_text][et_pb_button button_url=&#8220;@ET-DC@eyJkeW5hbWljIjp0cnVlLCJjb250ZW50IjoicG9zdF9saW5rX3VybF9wYWdlIiwic2V0dGluZ3MiOnsicG9zdF9pZCI6Ijc2MiJ9fQ==@&#8220; button_text=&#8220;Kontaktieren Sie uns&#8220; button_alignment=&#8220;center&#8220; _builder_version=&#8220;4.25.1&#8243; _dynamic_attributes=&#8220;button_url&#8220; _module_preset=&#8220;dfbe2fe6-175f-4217-8489-05afc32c3f95&#8243; transform_scale=&#8220;135%|135%&#8220; background_layout=&#8220;dark&#8220; custom_margin=&#8220;50px||||false|false&#8220; custom_margin_tablet=&#8220;40px||||false|false&#8220; custom_margin_phone=&#8220;40px||||false|false&#8220; custom_margin_last_edited=&#8220;on|phone&#8220; global_colors_info=&#8220;{}&#8220; transform_styles__hover_enabled=&#8220;on|desktop&#8220; transform_scale__hover_enabled=&#8220;on|desktop&#8220; transform_translate__hover_enabled=&#8220;on|desktop&#8220; transform_rotate__hover_enabled=&#8220;on|desktop&#8220; transform_skew__hover_enabled=&#8220;on|desktop&#8220; transform_origin__hover_enabled=&#8220;on|desktop&#8220; transform_scale__hover=&#8220;135%|135%&#8220;][\/et_pb_button][\/et_pb_column][\/et_pb_row][\/et_pb_section]<\/p>","protected":false},"excerpt":{"rendered":"<p>Willkommen in der Welt der Polymere!WIR VERSTEHEN, DASS JEDE ANWENDUNG EINZIGARTIG IST. Unser umfangreiches Produktportfolio spiegelt nicht nur unsere langj\u00e4hrige Erfahrung, sondern auch unsere Leidenschaft f\u00fcr hochwertige Elastomerprodukte wider. Wir bieten ein breites Sortiment an, das speziell die Bed\u00fcrfnisse der internationalen non-automotive Industrie abdeckt. Wir arbeiten eng mit unseren Kunden zusammen, um ma\u00dfgeschneiderte L\u00f6sungen f\u00fcr [&hellip;]<\/p>","protected":false},"author":1,"featured_media":0,"parent":0,"menu_order":0,"comment_status":"closed","ping_status":"closed","template":"","meta":{"_et_pb_use_builder":"on","_et_pb_old_content":"","_et_gb_content_width":"","footnotes":""},"class_list":["post-25","page","type-page","status-publish","hentry"],"aioseo_notices":[],"_links":{"self":[{"href":"https:\/\/www.deisenhammer.at\/en\/wp-json\/wp\/v2\/pages\/25","targetHints":{"allow":["GET"]}}],"collection":[{"href":"https:\/\/www.deisenhammer.at\/en\/wp-json\/wp\/v2\/pages"}],"about":[{"href":"https:\/\/www.deisenhammer.at\/en\/wp-json\/wp\/v2\/types\/page"}],"author":[{"embeddable":true,"href":"https:\/\/www.deisenhammer.at\/en\/wp-json\/wp\/v2\/users\/1"}],"replies":[{"embeddable":true,"href":"https:\/\/www.deisenhammer.at\/en\/wp-json\/wp\/v2\/comments?post=25"}],"version-history":[{"count":12,"href":"https:\/\/www.deisenhammer.at\/en\/wp-json\/wp\/v2\/pages\/25\/revisions"}],"predecessor-version":[{"id":878,"href":"https:\/\/www.deisenhammer.at\/en\/wp-json\/wp\/v2\/pages\/25\/revisions\/878"}],"wp:attachment":[{"href":"https:\/\/www.deisenhammer.at\/en\/wp-json\/wp\/v2\/media?parent=25"}],"curies":[{"name":"wp","href":"https:\/\/api.w.org\/{rel}","templated":true}]}}